{"id":1076,"date":"2022-06-29T19:04:52","date_gmt":"2022-06-29T17:04:52","guid":{"rendered":"https:\/\/www.gaviotas72.com\/?page_id=1076"},"modified":"2022-06-29T19:04:52","modified_gmt":"2022-06-29T17:04:52","slug":"aviso-legal","status":"publish","type":"page","link":"https:\/\/www.gaviotas72.com\/en\/aviso-legal\/","title":{"rendered":"Aviso Legal"},"content":{"rendered":"<p>Este portal, cuyo titular es\u00a0<strong>CARLOS NAVARRO PINTE\u00d1O\u00a0<\/strong>con NIF:<strong>\u00a074236948D\u00a0<\/strong>domicilio en<strong>\u00a0C\/ JOSE LUIS NAVARRO CAMPELLO, 1 C.P- 03202- ELCHE- ALICANTE,<\/strong>\u00a0tel\u00e9fono\u00a0622 555 140<strong>\u00a0<\/strong>y con email:\u00a0<strong>info@gaviotas72.com<\/strong><\/p>\n\n\n\n<ul class=\"wp-block-list\"><li><strong>Propiedad intelectual e industrial<\/strong><\/li><\/ul>\n\n\n\n<p>El dise\u00f1o del portal y sus c\u00f3digos fuente, as\u00ed como los logos, marcas y dem\u00e1s signos distintivos que aparecen en el mismo pertenecen a\u00a0GAVIOTAS72\u00a0y est\u00e1n protegidos por los correspondientes derechos de propiedad intelectual e industrial.<\/p>\n\n\n\n<ul class=\"wp-block-list\"><li><strong>Responsabilidad de los contenidos<\/strong><\/li><\/ul>\n\n\n\n<p><strong>GAVIOTAS72 <\/strong>no se hace responsable de la legalidad de otros sitios web de terceros desde los que pueda accederse al portal.\u00a0GAVIOTAS72\u00a0tampoco responde por la legalidad de otros sitios web de terceros, que pudieran estar vinculados o enlazados desde este portal.\u00a0GAVIOTAS72 se reserva el derecho a realizar cambios en el sitio web sin previo aviso, al objeto de mantener actualizada su informaci\u00f3n, a\u00f1adiendo, modificando, corrigiendo o eliminando\u00a0los contenidos publicados o el dise\u00f1o del portal.\u00a0GAVIOTAS72\u00a0no ser\u00e1 responsable del uso que terceros hagan de la informaci\u00f3n publicada en el portal, ni tampoco de los da\u00f1os sufridos o p\u00e9rdidas econ\u00f3micas que, de forma directa o indirecta, produzcan o puedan producir perjuicios econ\u00f3micos, materiales o sobre datos, provocados por el uso de dicha informaci\u00f3n.<\/p>\n\n\n\n<ul class=\"wp-block-list\"><li><strong>Reproducci\u00f3n de contenidos<\/strong><\/li><\/ul>\n\n\n\n<p>Se proh\u00edbe la reproducci\u00f3n total o parcial de los contenidos publicados en el portal a excepci\u00f3n de los contenidos que sean considerados como datos abiertos en la Sede Electr\u00f3nica, publicados seg\u00fan lo previsto en el Real Decreto 1495\/2011, de 24 de octubre.<\/p>\n\n\n\n<ul class=\"wp-block-list\"><li><strong>Ley aplicable<\/strong><\/li><\/ul>\n\n\n\n<p>La ley aplicable en caso de disputa o conflicto de interpretaci\u00f3n de los t\u00e9rminos que conforman este aviso legal, as\u00ed como cualquier cuesti\u00f3n relacionada con los servicios del presente portal, ser\u00e1 la ley espa\u00f1ola.<\/p>","protected":false},"excerpt":{"rendered":"<p>Este portal, cuyo titular es\u00a0CARLOS NAVARRO PINTE\u00d1O\u00a0con NIF:\u00a074236948D\u00a0domicilio en\u00a0C\/ JOSE LUIS NAVARRO CAMPELLO, 1 C.P- 03202- ELCHE- ALICANTE,\u00a0tel\u00e9fono\u00a0622 555 140\u00a0y con email:\u00a0info@gaviotas72.com Propiedad intelectual e industrial El dise\u00f1o del portal y sus c\u00f3digos fuente, as\u00ed como los logos, marcas y dem\u00e1s signos distintivos que aparecen en el mismo pertenecen a\u00a0GAVIOTAS72\u00a0y est\u00e1n protegidos por los correspondientes [&hellip;]<\/p>\n","protected":false},"author":1,"featured_media":0,"parent":0,"menu_order":0,"comment_status":"closed","ping_status":"closed","template":"","meta":{"site-sidebar-layout":"default","site-content-layout":"","ast-site-content-layout":"default","site-content-style":"default","site-sidebar-style":"default","ast-global-header-display":"","ast-banner-title-visibility":"","ast-main-header-display":"","ast-hfb-above-header-display":"","ast-hfb-below-header-display":"","ast-hfb-mobile-header-display":"","site-post-title":"","ast-breadcrumbs-content":"","ast-featured-img":"","footer-sml-layout":"","ast-disable-related-posts":"","theme-transparent-header-meta":"","adv-header-id-meta":"","stick-header-meta":"","header-above-stick-meta":"","header-main-stick-meta":"","header-below-stick-meta":"","astra-migrate-meta-layouts":"default","ast-page-background-enabled":"default","ast-page-background-meta":{"desktop":{"background-color":"","background-image":"","background-repeat":"repeat","background-position":"center center","background-size":"auto","background-attachment":"scroll","background-type":"","background-media":"","overlay-type":"","overlay-color":"","overlay-opacity":"","overlay-gradient":""},"tablet":{"background-color":"","background-image":"","background-repeat":"repeat","background-position":"center center","background-size":"auto","background-attachment":"scroll","background-type":"","background-media":"","overlay-type":"","overlay-color":"","overlay-opacity":"","overlay-gradient":""},"mobile":{"background-color":"","background-image":"","background-repeat":"repeat","background-position":"center center","background-size":"auto","background-attachment":"scroll","background-type":"","background-media":"","overlay-type":"","overlay-color":"","overlay-opacity":"","overlay-gradient":""}},"ast-content-background-meta":{"desktop":{"background-color":"var(--ast-global-color-5)","background-image":"","background-repeat":"repeat","background-position":"center center","background-size":"auto","background-attachment":"scroll","background-type":"","background-media":"","overlay-type":"","overlay-color":"","overlay-opacity":"","overlay-gradient":""},"tablet":{"background-color":"var(--ast-global-color-5)","background-image":"","background-repeat":"repeat","background-position":"center center","background-size":"auto","background-attachment":"scroll","background-type":"","background-media":"","overlay-type":"","overlay-color":"","overlay-opacity":"","overlay-gradient":""},"mobile":{"background-color":"var(--ast-global-color-5)","background-image":"","background-repeat":"repeat","background-position":"center center","background-size":"auto","background-attachment":"scroll","background-type":"","background-media":"","overlay-type":"","overlay-color":"","overlay-opacity":"","overlay-gradient":""}},"_joinchat":[],"footnotes":""},"class_list":["post-1076","page","type-page","status-publish","hentry"],"yoast_head":"<!-- This site is optimized with the Yoast SEO Premium plugin v18.6 (Yoast SEO v27.2) - https:\/\/yoast.com\/product\/yoast-seo-premium-wordpress\/ -->\n<title>Aviso Legal - Apartamento airbnb Santa Pola<\/title>\n<meta name=\"robots\" content=\"index, follow, max-snippet:-1, max-image-preview:large, max-video-preview:-1\" \/>\n<link rel=\"canonical\" href=\"https:\/\/www.gaviotas72.com\/en\/aviso-legal\/\" \/>\n<meta property=\"og:locale\" content=\"en_GB\" \/>\n<meta property=\"og:type\" content=\"article\" \/>\n<meta property=\"og:title\" content=\"Aviso Legal\" \/>\n<meta property=\"og:description\" content=\"Este portal, cuyo titular es\u00a0CARLOS NAVARRO PINTE\u00d1O\u00a0con NIF:\u00a074236948D\u00a0domicilio en\u00a0C\/ JOSE LUIS NAVARRO CAMPELLO, 1 C.P- 03202- ELCHE- ALICANTE,\u00a0tel\u00e9fono\u00a0622 555 140\u00a0y con email:\u00a0info@gaviotas72.com Propiedad intelectual e industrial El dise\u00f1o del portal y sus c\u00f3digos fuente, as\u00ed como los logos, marcas y dem\u00e1s signos distintivos que aparecen en el mismo pertenecen a\u00a0GAVIOTAS72\u00a0y est\u00e1n protegidos por los correspondientes [&hellip;]\" \/>\n<meta property=\"og:url\" content=\"https:\/\/www.gaviotas72.com\/en\/aviso-legal\/\" \/>\n<meta property=\"og:site_name\" content=\"Apartamento airbnb Santa Pola\" \/>\n<meta property=\"article:publisher\" content=\"https:\/\/www.facebook.com\/Gaviotas72-101136809237514\" \/>\n<meta property=\"og:image\" content=\"https:\/\/www.gaviotas72.com\/wp-content\/uploads\/2022\/05\/airbnb-santa-pola.jpg\" \/>\n\t<meta property=\"og:image:width\" content=\"2200\" \/>\n\t<meta property=\"og:image:height\" content=\"1088\" \/>\n\t<meta property=\"og:image:type\" content=\"image\/jpeg\" \/>\n<meta name=\"twitter:card\" content=\"summary_large_image\" \/>\n<meta name=\"twitter:label1\" content=\"Estimated reading time\" \/>\n\t<meta name=\"twitter:data1\" content=\"2 minutes\" \/>\n<script type=\"application\/ld+json\" class=\"yoast-schema-graph\">{\"@context\":\"https:\/\/schema.org\",\"@graph\":[{\"@type\":\"WebPage\",\"@id\":\"https:\/\/www.gaviotas72.com\/aviso-legal\/\",\"url\":\"https:\/\/www.gaviotas72.com\/aviso-legal\/\",\"name\":\"Aviso Legal - Apartamento airbnb Santa Pola\",\"isPartOf\":{\"@id\":\"https:\/\/www.gaviotas72.com\/#website\"},\"datePublished\":\"2022-06-29T17:04:52+00:00\",\"breadcrumb\":{\"@id\":\"https:\/\/www.gaviotas72.com\/aviso-legal\/#breadcrumb\"},\"inLanguage\":\"en-GB\",\"potentialAction\":[{\"@type\":\"ReadAction\",\"target\":[\"https:\/\/www.gaviotas72.com\/aviso-legal\/\"]}]},{\"@type\":\"BreadcrumbList\",\"@id\":\"https:\/\/www.gaviotas72.com\/aviso-legal\/#breadcrumb\",\"itemListElement\":[{\"@type\":\"ListItem\",\"position\":1,\"name\":\"Home\",\"item\":\"https:\/\/www.gaviotas72.com\/\"},{\"@type\":\"ListItem\",\"position\":2,\"name\":\"Aviso Legal\"}]},{\"@type\":\"WebSite\",\"@id\":\"https:\/\/www.gaviotas72.com\/#website\",\"url\":\"https:\/\/www.gaviotas72.com\/\",\"name\":\"Apartamento airbnb Santa Pola\",\"description\":\"Alquilar apartamento Santa Pola (Alicante)\",\"publisher\":{\"@id\":\"https:\/\/www.gaviotas72.com\/#organization\"},\"potentialAction\":[{\"@type\":\"SearchAction\",\"target\":{\"@type\":\"EntryPoint\",\"urlTemplate\":\"https:\/\/www.gaviotas72.com\/?s={search_term_string}\"},\"query-input\":{\"@type\":\"PropertyValueSpecification\",\"valueRequired\":true,\"valueName\":\"search_term_string\"}}],\"inLanguage\":\"en-GB\"},{\"@type\":\"Organization\",\"@id\":\"https:\/\/www.gaviotas72.com\/#organization\",\"name\":\"Apartamento airbnb Santa Pola - GAVIOTAS 72\",\"url\":\"https:\/\/www.gaviotas72.com\/\",\"logo\":{\"@type\":\"ImageObject\",\"inLanguage\":\"en-GB\",\"@id\":\"https:\/\/www.gaviotas72.com\/#\/schema\/logo\/image\/\",\"url\":\"https:\/\/www.gaviotas72.com\/wp-content\/uploads\/2022\/05\/Logotipo-Restaurante-Crema-2.png\",\"contentUrl\":\"https:\/\/www.gaviotas72.com\/wp-content\/uploads\/2022\/05\/Logotipo-Restaurante-Crema-2.png\",\"width\":1500,\"height\":1500,\"caption\":\"Apartamento airbnb Santa Pola - GAVIOTAS 72\"},\"image\":{\"@id\":\"https:\/\/www.gaviotas72.com\/#\/schema\/logo\/image\/\"},\"sameAs\":[\"https:\/\/www.facebook.com\/Gaviotas72-101136809237514\",\"https:\/\/www.instagram.com\/gaviotas72\/\"]}]}<\/script>\n<!-- \/ Yoast SEO Premium plugin. -->","yoast_head_json":{"title":"Aviso Legal - Apartamento airbnb Santa Pola","robots":{"index":"index","follow":"follow","max-snippet":"max-snippet:-1","max-image-preview":"max-image-preview:large","max-video-preview":"max-video-preview:-1"},"canonical":"https:\/\/www.gaviotas72.com\/en\/aviso-legal\/","og_locale":"en_GB","og_type":"article","og_title":"Aviso Legal","og_description":"Este portal, cuyo titular es\u00a0CARLOS NAVARRO PINTE\u00d1O\u00a0con NIF:\u00a074236948D\u00a0domicilio en\u00a0C\/ JOSE LUIS NAVARRO CAMPELLO, 1 C.P- 03202- ELCHE- ALICANTE,\u00a0tel\u00e9fono\u00a0622 555 140\u00a0y con email:\u00a0info@gaviotas72.com Propiedad intelectual e industrial El dise\u00f1o del portal y sus c\u00f3digos fuente, as\u00ed como los logos, marcas y dem\u00e1s signos distintivos que aparecen en el mismo pertenecen a\u00a0GAVIOTAS72\u00a0y est\u00e1n protegidos por los correspondientes [&hellip;]","og_url":"https:\/\/www.gaviotas72.com\/en\/aviso-legal\/","og_site_name":"Apartamento airbnb Santa Pola","article_publisher":"https:\/\/www.facebook.com\/Gaviotas72-101136809237514","og_image":[{"width":2200,"height":1088,"url":"https:\/\/www.gaviotas72.com\/wp-content\/uploads\/2022\/05\/airbnb-santa-pola.jpg","type":"image\/jpeg"}],"twitter_card":"summary_large_image","twitter_misc":{"Estimated reading time":"2 minutes"},"schema":{"@context":"https:\/\/schema.org","@graph":[{"@type":"WebPage","@id":"https:\/\/www.gaviotas72.com\/aviso-legal\/","url":"https:\/\/www.gaviotas72.com\/aviso-legal\/","name":"Aviso Legal - Apartamento airbnb Santa Pola","isPartOf":{"@id":"https:\/\/www.gaviotas72.com\/#website"},"datePublished":"2022-06-29T17:04:52+00:00","breadcrumb":{"@id":"https:\/\/www.gaviotas72.com\/aviso-legal\/#breadcrumb"},"inLanguage":"en-GB","potentialAction":[{"@type":"ReadAction","target":["https:\/\/www.gaviotas72.com\/aviso-legal\/"]}]},{"@type":"BreadcrumbList","@id":"https:\/\/www.gaviotas72.com\/aviso-legal\/#breadcrumb","itemListElement":[{"@type":"ListItem","position":1,"name":"Home","item":"https:\/\/www.gaviotas72.com\/"},{"@type":"ListItem","position":2,"name":"Aviso Legal"}]},{"@type":"WebSite","@id":"https:\/\/www.gaviotas72.com\/#website","url":"https:\/\/www.gaviotas72.com\/","name":"Apartamento airbnb Santa Pola","description":"Alquilar apartamento Santa Pola (Alicante)","publisher":{"@id":"https:\/\/www.gaviotas72.com\/#organization"},"potentialAction":[{"@type":"SearchAction","target":{"@type":"EntryPoint","urlTemplate":"https:\/\/www.gaviotas72.com\/?s={search_term_string}"},"query-input":{"@type":"PropertyValueSpecification","valueRequired":true,"valueName":"search_term_string"}}],"inLanguage":"en-GB"},{"@type":"Organization","@id":"https:\/\/www.gaviotas72.com\/#organization","name":"Apartamento airbnb Santa Pola - GAVIOTAS 72","url":"https:\/\/www.gaviotas72.com\/","logo":{"@type":"ImageObject","inLanguage":"en-GB","@id":"https:\/\/www.gaviotas72.com\/#\/schema\/logo\/image\/","url":"https:\/\/www.gaviotas72.com\/wp-content\/uploads\/2022\/05\/Logotipo-Restaurante-Crema-2.png","contentUrl":"https:\/\/www.gaviotas72.com\/wp-content\/uploads\/2022\/05\/Logotipo-Restaurante-Crema-2.png","width":1500,"height":1500,"caption":"Apartamento airbnb Santa Pola - GAVIOTAS 72"},"image":{"@id":"https:\/\/www.gaviotas72.com\/#\/schema\/logo\/image\/"},"sameAs":["https:\/\/www.facebook.com\/Gaviotas72-101136809237514","https:\/\/www.instagram.com\/gaviotas72\/"]}]}},"_links":{"self":[{"href":"https:\/\/www.gaviotas72.com\/en\/wp-json\/wp\/v2\/pages\/1076","targetHints":{"allow":["GET"]}}],"collection":[{"href":"https:\/\/www.gaviotas72.com\/en\/wp-json\/wp\/v2\/pages"}],"about":[{"href":"https:\/\/www.gaviotas72.com\/en\/wp-json\/wp\/v2\/types\/page"}],"author":[{"embeddable":true,"href":"https:\/\/www.gaviotas72.com\/en\/wp-json\/wp\/v2\/users\/1"}],"replies":[{"embeddable":true,"href":"https:\/\/www.gaviotas72.com\/en\/wp-json\/wp\/v2\/comments?post=1076"}],"version-history":[{"count":1,"href":"https:\/\/www.gaviotas72.com\/en\/wp-json\/wp\/v2\/pages\/1076\/revisions"}],"predecessor-version":[{"id":1078,"href":"https:\/\/www.gaviotas72.com\/en\/wp-json\/wp\/v2\/pages\/1076\/revisions\/1078"}],"wp:attachment":[{"href":"https:\/\/www.gaviotas72.com\/en\/wp-json\/wp\/v2\/media?parent=1076"}],"curies":[{"name":"wp","href":"https:\/\/api.w.org\/{rel}","templated":true}]}}