{"id":3,"date":"2022-04-02T19:20:29","date_gmt":"2022-04-02T17:20:29","guid":{"rendered":"https:\/\/www.gaviotas72.com\/?page_id=3"},"modified":"2022-06-29T18:59:42","modified_gmt":"2022-06-29T16:59:42","slug":"politica-de-privacidad","status":"publish","type":"page","link":"https:\/\/www.gaviotas72.com\/en\/politica-de-privacidad\/","title":{"rendered":"Pol\u00edtica de privacidad"},"content":{"rendered":"<p>(CARLOS NAVARRO PINTE\u00d1O &#8211; 74236948D) en adelante GAVIOTAS72,\u00a0se compromete a proteger su privacidad. Esta Pol\u00edtica de Privacidad explica c\u00f3mo recopilamos y utilizamos sus datos personales y qu\u00e9 derechos y opciones tiene al respecto. Consulte tambi\u00e9n nuestra Pol\u00edtica de cookies que explica el uso de cookies y otros dispositivos de seguimiento de la web a trav\u00e9s de nuestro sitio web.<\/p>\n\n\n\n<p><strong>\u00bfQui\u00e9n es el responsable del tratamiento de sus datos personales?<\/strong><\/p>\n\n\n\n<p>CARLOS NAVARRO PINTE\u00d1O &#8211; <strong>GAVIOTAS\u00a072 <\/strong>con N.I.F.<strong>\u00a074236948D <\/strong>,domicilio social en\u00a0<strong>C\/ <\/strong>JOSE LUIS NAVARRO CAMPELLO<strong>, 1 &#8211; C.P- 03202- ELCHE- ALICANTE\u00a0<\/strong>con n\u00famero de tel\u00e9fono<strong>\u00a0622 555 140 \u00a0<\/strong>y\u00a0<strong>e-mail: info@gaviotas72.com\u00a0<\/strong>es el\u00a0<strong>responsable del tratamiento\u00a0<\/strong>de sus datos de car\u00e1cter personal. Por tanto, nosotros le garantizamos su seguridad y tratamiento confidencial, de conformidad con lo dispuesto en el\u00a0<strong>REGLAMENTO EUROPEO DE PROTECCION DE DATOS (UE) 679\/2016,\u00a0<\/strong>as\u00ed como cualquier otra normativa que resulte de aplicaci\u00f3n.<\/p>\n\n\n\n<p><strong>\u00bfCon qu\u00e9 fines utilizamos sus datos personales?<\/strong><\/p>\n\n\n\n<p>En\u00a0<strong>GAVIOTAS72, <\/strong>utilizamos sus datos en la medida en que sea permitido por el RGPD, as\u00ed como por la normativa vigente que sea de aplicaci\u00f3n. En todo caso el tratamiento se har\u00e1 para fines determinados, expl\u00edcitos y leg\u00edtimos, y en ning\u00fan caso ser\u00e1n tratados de manera incompatible para dichos fines. En concreto se llevar\u00e1n a cabo los siguientes tratamientos:<\/p>\n\n\n\n<ul class=\"wp-block-list\"><li>Contestar a sus consultas, solicitudes o peticiones.<\/li><li>Gestionar la relaci\u00f3n contractual y la prestaci\u00f3n de los servicios de consulta solicitados por el cliente.<\/li><li>Gestionar sus llamadas telef\u00f3nicas.<\/li><li>Emitir justificantes de cobro por los servicios prestados en favor del cliente.<\/li><li>Para el correcto desempe\u00f1o del servicio solicitado, se tratar\u00e1n los datos personales del cliente necesarios para un seguimiento de la evoluci\u00f3n de este durante la prestaci\u00f3n del servicio.<\/li><li>Realizar todos aquellos tr\u00e1mites administrativos, fiscales y contables necesarios para cumplir con nuestros compromisos contractuales y obligaciones fiscales y contables.<\/li><li>Cumplimiento de nuestras obligaciones legales.<\/li><li>Analizar y mejorar nuestros servicios y comunicaciones con usted.<\/li><li>Supervisar y evaluar el cumplimiento de nuestras pol\u00edticas y normas.<\/li><li>Gestionar env\u00edo de informaci\u00f3n y prospecci\u00f3n comercial por cualquier v\u00eda en caso de consentimiento expl\u00edcito.<\/li><\/ul>\n\n\n\n<p><strong>\u00bfCu\u00e1l es la legitimaci\u00f3n para el tratamiento de sus datos?<\/strong><\/p>\n\n\n\n<p>La legitimaci\u00f3n de los tratamientos de los datos personales que llevamos a cabo se hace en todo momento en cumplimiento con lo dispuesto en el art\u00edculo 6 del RGPD, as\u00ed como en el art\u00edculo 8 de la Ley Org\u00e1nica 3\/2018. En los casos en que la legitimaci\u00f3n para la finalidad principal del uso de datos no se encuentre en ninguna de las bases jur\u00eddicas anteriores, se solicitar\u00e1 el&nbsp;consentimiento&nbsp;del interesado para el tratamiento.<\/p>\n\n\n\n<p><strong>\u00bfCu\u00e1nto tiempo conservamos tus datos?<\/strong><\/p>\n\n\n\n<p>Los datos personales ser\u00e1n conservados durante el tiempo necesario para la prestaci\u00f3n del servicio o mientras el interesado no retire su consentimiento. Posteriormente, los datos ser\u00e1n suprimidos conforme a lo dispuesto en la normativa de protecci\u00f3n de datos, lo que implica su bloqueo, estando disponibles tan solo a solicitud de Jueces y tribunales, Defensor del Pueblo, Ministerio Fiscal o las Administraciones P\u00fablicas competentes durante el plazo de prescripci\u00f3n de las acciones que pudieran derivar y, transcurrido \u00e9ste, se proceder\u00e1 a su completa eliminaci\u00f3n.<\/p>\n\n\n\n<p><strong>\u00bfCon qui\u00e9n compartimos tus datos?<\/strong><\/p>\n\n\n\n<p>Le informamos que los datos proporcionados, ser\u00e1n comunicados a los diferentes proveedores de productos y servicios, que sean necesarios para la ejecuci\u00f3n del tratamiento solicitado. Nuestros proveedores est\u00e1n obligados a utilizar los datos proporcionados \u00fanica y exclusivamente para el cumplimiento del servicio solicitado.<\/p>\n\n\n\n<p>Los datos personales tratados por\u00a0GAVIOTAS72<strong>\u00a0<\/strong>para alcanzar las finalidades detalladas anteriormente podr\u00e1n ser comunicados a los siguientes destinatarios en funci\u00f3n de la base legitimadora de la comunicaci\u00f3n:<\/p>\n\n\n\n<ul class=\"wp-block-list\"><li>Las Administraciones P\u00fablicas en los casos previstos por la Ley.<\/li><li>Las Fuerzas y Cuerpos de Seguridad del Estado.<\/li><li>Los bancos y entidades financieras para el cobro de los servicios contratados.<\/li><li>Los registros p\u00fablicos de solvencia patrimonial y a los sistemas de prevenci\u00f3n contra el fraude<\/li><\/ul>\n\n\n\n<p><strong>\u00bfCu\u00e1les son sus derechos?<\/strong><\/p>\n\n\n\n<p><strong>Derechos:<\/strong><\/p>\n\n\n\n<p>En particular, independientemente de la finalidad o la base legal en virtud de la que tratemos sus datos, tiene derecho a:<\/p>\n\n\n\n<p>*\u00a0Derecho de acceso:\u00a0cualquier persona tiene derecho a obtener confirmaci\u00f3n sobre si\u00a0<strong>GAVIOTAS72\u00a0<\/strong>est\u00e1 tratando datos personales que le conciernan.<\/p>\n\n\n\n<p>*&nbsp;Derecho de rectificaci\u00f3n:&nbsp;Usted tiene derecho a acceder a sus datos personales de los que disponemos y solicitar su rectificaci\u00f3n cuando estos sean inexactos.<\/p>\n\n\n\n<p>*&nbsp;Derecho de supresi\u00f3n:&nbsp;cuando los datos recabados ya no sean necesarios para la finalidad para los fines que fueron recabados.<\/p>\n\n\n\n<p>*&nbsp;Derecho a la limitaci\u00f3n del tratamiento:&nbsp;podr\u00e1 solicitar la limitaci\u00f3n del tratamiento de sus datos y solicitar que se conserven&nbsp;para el ejercicio o defensa de reclamaciones.<\/p>\n\n\n\n<p>*&nbsp;Derecho de portabilidad:&nbsp;&nbsp;tiene derecho a obtener los datos personales que les incumben en un formato estructurado de uso com\u00fan y lectura mec\u00e1nica y a transmitirlos a otro responsable.<\/p>\n\n\n\n<p>*&nbsp;Derecho a retirar consentimiento:&nbsp;el derecho a retirar cualquier consentimiento que usted nos haya dado previamente para manejar su informaci\u00f3n personal. Si retira su consentimiento, esto no afectar\u00e1 a la legalidad del uso que le dimos a su informaci\u00f3n personal antes de que retirar\u00e1 su consentimiento.<\/p>\n\n\n\n<p><strong>\u00bfC\u00f3mo puede ejercer sus derechos?<\/strong><\/p>\n\n\n\n<p><strong>GAVIOTAS72\u00a0<\/strong>se compromete a respetar la confidencialidad de sus datos personales y a garantizarle el ejercicio de sus derechos. Puede ejercitarlos sin coste alguno escribi\u00e9ndonos un correo electr\u00f3nico a nuestra direcci\u00f3n\u00a0<strong>info@gaviotas72.com<\/strong>\u00a0simplemente indic\u00e1ndonos el motivo de su solicitud y el derecho que quiere ejercitar, inform\u00e1ndole que es imprescindible, seg\u00fan Ley, que aporte copia de DNI o NIE. Le informamos tambi\u00e9n que, siguiendo con nuestra pol\u00edtica de transparencia, todos los derechos se encuentran en la p\u00e1gina web a disposici\u00f3n de los clientes. Se le informa que tambi\u00e9n puede ejercer sus derechos presentando una declaraci\u00f3n ante la autoridad de control competente, cuando no haya obtenido satisfacci\u00f3n\u00a0en el ejercicio de sus derechos.<\/p>\n\n\n\n<p>Nuestra p\u00e1gina web: https:\/\/www.gaviotas72.com.<\/p>","protected":false},"excerpt":{"rendered":"<p>(CARLOS NAVARRO PINTE\u00d1O &#8211; 74236948D) en adelante GAVIOTAS72,\u00a0se compromete a proteger su privacidad. Esta Pol\u00edtica de Privacidad explica c\u00f3mo recopilamos y utilizamos sus datos personales y qu\u00e9 derechos y opciones tiene al respecto. Consulte tambi\u00e9n nuestra Pol\u00edtica de cookies que explica el uso de cookies y otros dispositivos de seguimiento de la web a trav\u00e9s [&hellip;]<\/p>\n","protected":false},"author":1,"featured_media":0,"parent":0,"menu_order":0,"comment_status":"closed","ping_status":"closed","template":"","meta":{"site-sidebar-layout":"default","site-content-layout":"","ast-site-content-layout":"default","site-content-style":"default","site-sidebar-style":"default","ast-global-header-display":"","ast-banner-title-visibility":"","ast-main-header-display":"","ast-hfb-above-header-display":"","ast-hfb-below-header-display":"","ast-hfb-mobile-header-display":"","site-post-title":"","ast-breadcrumbs-content":"","ast-featured-img":"","footer-sml-layout":"","ast-disable-related-posts":"","theme-transparent-header-meta":"","adv-header-id-meta":"","stick-header-meta":"","header-above-stick-meta":"","header-main-stick-meta":"","header-below-stick-meta":"","astra-migrate-meta-layouts":"default","ast-page-background-enabled":"default","ast-page-background-meta":{"desktop":{"background-color":"","background-image":"","background-repeat":"repeat","background-position":"center center","background-size":"auto","background-attachment":"scroll","background-type":"","background-media":"","overlay-type":"","overlay-color":"","overlay-opacity":"","overlay-gradient":""},"tablet":{"background-color":"","background-image":"","background-repeat":"repeat","background-position":"center center","background-size":"auto","background-attachment":"scroll","background-type":"","background-media":"","overlay-type":"","overlay-color":"","overlay-opacity":"","overlay-gradient":""},"mobile":{"background-color":"","background-image":"","background-repeat":"repeat","background-position":"center center","background-size":"auto","background-attachment":"scroll","background-type":"","background-media":"","overlay-type":"","overlay-color":"","overlay-opacity":"","overlay-gradient":""}},"ast-content-background-meta":{"desktop":{"background-color":"var(--ast-global-color-5)","background-image":"","background-repeat":"repeat","background-position":"center center","background-size":"auto","background-attachment":"scroll","background-type":"","background-media":"","overlay-type":"","overlay-color":"","overlay-opacity":"","overlay-gradient":""},"tablet":{"background-color":"var(--ast-global-color-5)","background-image":"","background-repeat":"repeat","background-position":"center center","background-size":"auto","background-attachment":"scroll","background-type":"","background-media":"","overlay-type":"","overlay-color":"","overlay-opacity":"","overlay-gradient":""},"mobile":{"background-color":"var(--ast-global-color-5)","background-image":"","background-repeat":"repeat","background-position":"center center","background-size":"auto","background-attachment":"scroll","background-type":"","background-media":"","overlay-type":"","overlay-color":"","overlay-opacity":"","overlay-gradient":""}},"_joinchat":[],"footnotes":""},"class_list":["post-3","page","type-page","status-publish","hentry"],"yoast_head":"<!-- This site is optimized with the Yoast SEO Premium plugin v18.6 (Yoast SEO v27.2) - https:\/\/yoast.com\/product\/yoast-seo-premium-wordpress\/ -->\n<title>Pol\u00edtica de privacidad - Apartamento airbnb Santa Pola<\/title>\n<meta name=\"robots\" content=\"index, follow, max-snippet:-1, max-image-preview:large, max-video-preview:-1\" \/>\n<link rel=\"canonical\" href=\"https:\/\/www.gaviotas72.com\/en\/politica-de-privacidad\/\" \/>\n<meta property=\"og:locale\" content=\"en_GB\" \/>\n<meta property=\"og:type\" content=\"article\" \/>\n<meta property=\"og:title\" content=\"Pol\u00edtica de privacidad\" \/>\n<meta property=\"og:description\" content=\"(CARLOS NAVARRO PINTE\u00d1O &#8211; 74236948D) en adelante GAVIOTAS72,\u00a0se compromete a proteger su privacidad. Esta Pol\u00edtica de Privacidad explica c\u00f3mo recopilamos y utilizamos sus datos personales y qu\u00e9 derechos y opciones tiene al respecto. Consulte tambi\u00e9n nuestra Pol\u00edtica de cookies que explica el uso de cookies y otros dispositivos de seguimiento de la web a trav\u00e9s [&hellip;]\" \/>\n<meta property=\"og:url\" content=\"https:\/\/www.gaviotas72.com\/en\/politica-de-privacidad\/\" \/>\n<meta property=\"og:site_name\" content=\"Apartamento airbnb Santa Pola\" \/>\n<meta property=\"article:publisher\" content=\"https:\/\/www.facebook.com\/Gaviotas72-101136809237514\" \/>\n<meta property=\"article:modified_time\" content=\"2022-06-29T16:59:42+00:00\" \/>\n<meta property=\"og:image\" content=\"https:\/\/www.gaviotas72.com\/wp-content\/uploads\/2022\/05\/airbnb-santa-pola.jpg\" \/>\n\t<meta property=\"og:image:width\" content=\"2200\" \/>\n\t<meta property=\"og:image:height\" content=\"1088\" \/>\n\t<meta property=\"og:image:type\" content=\"image\/jpeg\" \/>\n<meta name=\"twitter:card\" content=\"summary_large_image\" \/>\n<meta name=\"twitter:label1\" content=\"Estimated reading time\" \/>\n\t<meta name=\"twitter:data1\" content=\"5 minutes\" \/>\n<script type=\"application\/ld+json\" class=\"yoast-schema-graph\">{\"@context\":\"https:\/\/schema.org\",\"@graph\":[{\"@type\":\"WebPage\",\"@id\":\"https:\/\/www.gaviotas72.com\/politica-de-privacidad\/\",\"url\":\"https:\/\/www.gaviotas72.com\/politica-de-privacidad\/\",\"name\":\"Pol\u00edtica de privacidad - Apartamento airbnb Santa Pola\",\"isPartOf\":{\"@id\":\"https:\/\/www.gaviotas72.com\/#website\"},\"datePublished\":\"2022-04-02T17:20:29+00:00\",\"dateModified\":\"2022-06-29T16:59:42+00:00\",\"breadcrumb\":{\"@id\":\"https:\/\/www.gaviotas72.com\/politica-de-privacidad\/#breadcrumb\"},\"inLanguage\":\"en-GB\",\"potentialAction\":[{\"@type\":\"ReadAction\",\"target\":[\"https:\/\/www.gaviotas72.com\/politica-de-privacidad\/\"]}]},{\"@type\":\"BreadcrumbList\",\"@id\":\"https:\/\/www.gaviotas72.com\/politica-de-privacidad\/#breadcrumb\",\"itemListElement\":[{\"@type\":\"ListItem\",\"position\":1,\"name\":\"Home\",\"item\":\"https:\/\/www.gaviotas72.com\/\"},{\"@type\":\"ListItem\",\"position\":2,\"name\":\"Pol\u00edtica de privacidad\"}]},{\"@type\":\"WebSite\",\"@id\":\"https:\/\/www.gaviotas72.com\/#website\",\"url\":\"https:\/\/www.gaviotas72.com\/\",\"name\":\"Apartamento airbnb Santa Pola\",\"description\":\"Alquilar apartamento Santa Pola (Alicante)\",\"publisher\":{\"@id\":\"https:\/\/www.gaviotas72.com\/#organization\"},\"potentialAction\":[{\"@type\":\"SearchAction\",\"target\":{\"@type\":\"EntryPoint\",\"urlTemplate\":\"https:\/\/www.gaviotas72.com\/?s={search_term_string}\"},\"query-input\":{\"@type\":\"PropertyValueSpecification\",\"valueRequired\":true,\"valueName\":\"search_term_string\"}}],\"inLanguage\":\"en-GB\"},{\"@type\":\"Organization\",\"@id\":\"https:\/\/www.gaviotas72.com\/#organization\",\"name\":\"Apartamento airbnb Santa Pola - GAVIOTAS 72\",\"url\":\"https:\/\/www.gaviotas72.com\/\",\"logo\":{\"@type\":\"ImageObject\",\"inLanguage\":\"en-GB\",\"@id\":\"https:\/\/www.gaviotas72.com\/#\/schema\/logo\/image\/\",\"url\":\"https:\/\/www.gaviotas72.com\/wp-content\/uploads\/2022\/05\/Logotipo-Restaurante-Crema-2.png\",\"contentUrl\":\"https:\/\/www.gaviotas72.com\/wp-content\/uploads\/2022\/05\/Logotipo-Restaurante-Crema-2.png\",\"width\":1500,\"height\":1500,\"caption\":\"Apartamento airbnb Santa Pola - GAVIOTAS 72\"},\"image\":{\"@id\":\"https:\/\/www.gaviotas72.com\/#\/schema\/logo\/image\/\"},\"sameAs\":[\"https:\/\/www.facebook.com\/Gaviotas72-101136809237514\",\"https:\/\/www.instagram.com\/gaviotas72\/\"]}]}<\/script>\n<!-- \/ Yoast SEO Premium plugin. -->","yoast_head_json":{"title":"Pol\u00edtica de privacidad - Apartamento airbnb Santa Pola","robots":{"index":"index","follow":"follow","max-snippet":"max-snippet:-1","max-image-preview":"max-image-preview:large","max-video-preview":"max-video-preview:-1"},"canonical":"https:\/\/www.gaviotas72.com\/en\/politica-de-privacidad\/","og_locale":"en_GB","og_type":"article","og_title":"Pol\u00edtica de privacidad","og_description":"(CARLOS NAVARRO PINTE\u00d1O &#8211; 74236948D) en adelante GAVIOTAS72,\u00a0se compromete a proteger su privacidad. Esta Pol\u00edtica de Privacidad explica c\u00f3mo recopilamos y utilizamos sus datos personales y qu\u00e9 derechos y opciones tiene al respecto. Consulte tambi\u00e9n nuestra Pol\u00edtica de cookies que explica el uso de cookies y otros dispositivos de seguimiento de la web a trav\u00e9s [&hellip;]","og_url":"https:\/\/www.gaviotas72.com\/en\/politica-de-privacidad\/","og_site_name":"Apartamento airbnb Santa Pola","article_publisher":"https:\/\/www.facebook.com\/Gaviotas72-101136809237514","article_modified_time":"2022-06-29T16:59:42+00:00","og_image":[{"width":2200,"height":1088,"url":"https:\/\/www.gaviotas72.com\/wp-content\/uploads\/2022\/05\/airbnb-santa-pola.jpg","type":"image\/jpeg"}],"twitter_card":"summary_large_image","twitter_misc":{"Estimated reading time":"5 minutes"},"schema":{"@context":"https:\/\/schema.org","@graph":[{"@type":"WebPage","@id":"https:\/\/www.gaviotas72.com\/politica-de-privacidad\/","url":"https:\/\/www.gaviotas72.com\/politica-de-privacidad\/","name":"Pol\u00edtica de privacidad - Apartamento airbnb Santa Pola","isPartOf":{"@id":"https:\/\/www.gaviotas72.com\/#website"},"datePublished":"2022-04-02T17:20:29+00:00","dateModified":"2022-06-29T16:59:42+00:00","breadcrumb":{"@id":"https:\/\/www.gaviotas72.com\/politica-de-privacidad\/#breadcrumb"},"inLanguage":"en-GB","potentialAction":[{"@type":"ReadAction","target":["https:\/\/www.gaviotas72.com\/politica-de-privacidad\/"]}]},{"@type":"BreadcrumbList","@id":"https:\/\/www.gaviotas72.com\/politica-de-privacidad\/#breadcrumb","itemListElement":[{"@type":"ListItem","position":1,"name":"Home","item":"https:\/\/www.gaviotas72.com\/"},{"@type":"ListItem","position":2,"name":"Pol\u00edtica de privacidad"}]},{"@type":"WebSite","@id":"https:\/\/www.gaviotas72.com\/#website","url":"https:\/\/www.gaviotas72.com\/","name":"Apartamento airbnb Santa Pola","description":"Alquilar apartamento Santa Pola (Alicante)","publisher":{"@id":"https:\/\/www.gaviotas72.com\/#organization"},"potentialAction":[{"@type":"SearchAction","target":{"@type":"EntryPoint","urlTemplate":"https:\/\/www.gaviotas72.com\/?s={search_term_string}"},"query-input":{"@type":"PropertyValueSpecification","valueRequired":true,"valueName":"search_term_string"}}],"inLanguage":"en-GB"},{"@type":"Organization","@id":"https:\/\/www.gaviotas72.com\/#organization","name":"Apartamento airbnb Santa Pola - GAVIOTAS 72","url":"https:\/\/www.gaviotas72.com\/","logo":{"@type":"ImageObject","inLanguage":"en-GB","@id":"https:\/\/www.gaviotas72.com\/#\/schema\/logo\/image\/","url":"https:\/\/www.gaviotas72.com\/wp-content\/uploads\/2022\/05\/Logotipo-Restaurante-Crema-2.png","contentUrl":"https:\/\/www.gaviotas72.com\/wp-content\/uploads\/2022\/05\/Logotipo-Restaurante-Crema-2.png","width":1500,"height":1500,"caption":"Apartamento airbnb Santa Pola - GAVIOTAS 72"},"image":{"@id":"https:\/\/www.gaviotas72.com\/#\/schema\/logo\/image\/"},"sameAs":["https:\/\/www.facebook.com\/Gaviotas72-101136809237514","https:\/\/www.instagram.com\/gaviotas72\/"]}]}},"_links":{"self":[{"href":"https:\/\/www.gaviotas72.com\/en\/wp-json\/wp\/v2\/pages\/3","targetHints":{"allow":["GET"]}}],"collection":[{"href":"https:\/\/www.gaviotas72.com\/en\/wp-json\/wp\/v2\/pages"}],"about":[{"href":"https:\/\/www.gaviotas72.com\/en\/wp-json\/wp\/v2\/types\/page"}],"author":[{"embeddable":true,"href":"https:\/\/www.gaviotas72.com\/en\/wp-json\/wp\/v2\/users\/1"}],"replies":[{"embeddable":true,"href":"https:\/\/www.gaviotas72.com\/en\/wp-json\/wp\/v2\/comments?post=3"}],"version-history":[{"count":3,"href":"https:\/\/www.gaviotas72.com\/en\/wp-json\/wp\/v2\/pages\/3\/revisions"}],"predecessor-version":[{"id":1072,"href":"https:\/\/www.gaviotas72.com\/en\/wp-json\/wp\/v2\/pages\/3\/revisions\/1072"}],"wp:attachment":[{"href":"https:\/\/www.gaviotas72.com\/en\/wp-json\/wp\/v2\/media?parent=3"}],"curies":[{"name":"wp","href":"https:\/\/api.w.org\/{rel}","templated":true}]}}