{"id":8,"date":"2018-11-27T09:17:56","date_gmt":"2018-11-27T07:17:56","guid":{"rendered":"https:\/\/www.gaviotas72.com\/?page_id=8"},"modified":"2022-06-11T18:33:09","modified_gmt":"2022-06-11T16:33:09","slug":"contacto","status":"publish","type":"page","link":"https:\/\/www.gaviotas72.com\/en\/contacto\/","title":{"rendered":"Contacto"},"content":{"rendered":"<div data-elementor-type=\"wp-post\" data-elementor-id=\"8\" class=\"elementor elementor-8\" data-elementor-post-type=\"page\">\n\t\t\t\t\t\t<section class=\"elementor-section elementor-top-section elementor-element elementor-element-1da4107a elementor-section-boxed elementor-section-height-default elementor-section-height-default\" data-id=\"1da4107a\" data-element_type=\"section\" data-e-type=\"section\" id=\"contacto\">\n\t\t\t\t\t\t<div class=\"elementor-container elementor-column-gap-default\">\n\t\t\t\t\t<div class=\"elementor-column elementor-col-100 elementor-top-column elementor-element elementor-element-35f2124c\" data-id=\"35f2124c\" data-element_type=\"column\" data-e-type=\"column\">\n\t\t\t<div class=\"elementor-widget-wrap elementor-element-populated\">\n\t\t\t\t\t\t<div class=\"elementor-element elementor-element-132faca8 elementor-widget elementor-widget-heading\" data-id=\"132faca8\" data-element_type=\"widget\" data-e-type=\"widget\" data-widget_type=\"heading.default\">\n\t\t\t\t<div class=\"elementor-widget-container\">\n\t\t\t\t\t<h2 class=\"elementor-heading-title elementor-size-default\">CONTACTO<\/h2>\t\t\t\t<\/div>\n\t\t\t\t<\/div>\n\t\t\t\t<div class=\"elementor-element elementor-element-e4e6e12 elementor-widget-divider--view-line elementor-widget elementor-widget-divider\" data-id=\"e4e6e12\" data-element_type=\"widget\" data-e-type=\"widget\" data-widget_type=\"divider.default\">\n\t\t\t\t<div class=\"elementor-widget-container\">\n\t\t\t\t\t\t\t<div class=\"elementor-divider\">\n\t\t\t<span class=\"elementor-divider-separator\">\n\t\t\t\t\t\t<\/span>\n\t\t<\/div>\n\t\t\t\t\t\t<\/div>\n\t\t\t\t<\/div>\n\t\t\t\t\t<\/div>\n\t\t<\/div>\n\t\t\t\t\t<\/div>\n\t\t<\/section>\n\t\t\t\t<section class=\"elementor-section elementor-top-section elementor-element elementor-element-34cbd81 elementor-section-boxed elementor-section-height-default elementor-section-height-default\" data-id=\"34cbd81\" data-element_type=\"section\" data-e-type=\"section\" data-settings=\"{&quot;background_background&quot;:&quot;classic&quot;}\">\n\t\t\t\t\t\t<div class=\"elementor-container elementor-column-gap-default\">\n\t\t\t\t\t<div class=\"elementor-column elementor-col-66 elementor-top-column elementor-element elementor-element-1dfb88a\" data-id=\"1dfb88a\" data-element_type=\"column\" data-e-type=\"column\">\n\t\t\t<div class=\"elementor-widget-wrap elementor-element-populated\">\n\t\t\t\t\t\t<div class=\"elementor-element elementor-element-0d4aca1 elementor-widget elementor-widget-heading\" data-id=\"0d4aca1\" data-element_type=\"widget\" data-e-type=\"widget\" data-widget_type=\"heading.default\">\n\t\t\t\t<div class=\"elementor-widget-container\">\n\t\t\t\t\t<h2 class=\"elementor-heading-title elementor-size-default\">\u00bfD\u00d3NDE ESTAMOS?<\/h2>\t\t\t\t<\/div>\n\t\t\t\t<\/div>\n\t\t\t\t<div class=\"elementor-element elementor-element-5bf3e8da elementor-widget elementor-widget-google_maps\" data-id=\"5bf3e8da\" data-element_type=\"widget\" data-e-type=\"widget\" data-widget_type=\"google_maps.default\">\n\t\t\t\t<div class=\"elementor-widget-container\">\n\t\t\t\t\t\t\t<div class=\"elementor-custom-embed\">\n\t\t\t<iframe loading=\"lazy\"\n\t\t\t\t\tsrc=\"https:\/\/maps.google.com\/maps?q=gaviotas%2072%20santa%20pola&#038;t=m&#038;z=17&#038;output=embed&#038;iwloc=near\"\n\t\t\t\t\ttitle=\"gaviotas 72 santa pola\"\n\t\t\t\t\taria-label=\"gaviotas 72 santa pola\"\n\t\t\t><\/iframe>\n\t\t<\/div>\n\t\t\t\t\t\t<\/div>\n\t\t\t\t<\/div>\n\t\t\t\t\t<\/div>\n\t\t<\/div>\n\t\t\t\t<div class=\"elementor-column elementor-col-33 elementor-top-column elementor-element elementor-element-2c2b69c\" data-id=\"2c2b69c\" data-element_type=\"column\" data-e-type=\"column\">\n\t\t\t<div class=\"elementor-widget-wrap elementor-element-populated\">\n\t\t\t\t\t\t<div class=\"elementor-element elementor-element-48dc1a0 elementor-widget elementor-widget-heading\" data-id=\"48dc1a0\" data-element_type=\"widget\" data-e-type=\"widget\" data-widget_type=\"heading.default\">\n\t\t\t\t<div class=\"elementor-widget-container\">\n\t\t\t\t\t<h2 class=\"elementor-heading-title elementor-size-default\">\u00bfEN QU\u00c9 TE PODEMOS AYUDAR?<\/h2>\t\t\t\t<\/div>\n\t\t\t\t<\/div>\n\t\t\t\t<div class=\"elementor-element elementor-element-77c03f3 elementor-widget elementor-widget-icon-box\" data-id=\"77c03f3\" data-element_type=\"widget\" data-e-type=\"widget\" data-widget_type=\"icon-box.default\">\n\t\t\t\t<div class=\"elementor-widget-container\">\n\t\t\t\t\t\t\t<div class=\"elementor-icon-box-wrapper\">\n\n\t\t\t\n\t\t\t\t\t\t<div class=\"elementor-icon-box-content\">\n\n\t\t\t\t\t\t\t\t\t<h5 class=\"elementor-icon-box-title\">\n\t\t\t\t\t\t<span  >\n\t\t\t\t\t\t\tDirecci\u00f3n\t\t\t\t\t\t<\/span>\n\t\t\t\t\t<\/h5>\n\t\t\t\t\n\t\t\t\t\t\t\t\t\t<p class=\"elementor-icon-box-description\">\n\t\t\t\t\t\tCalle Burgos, 4 <br>03130 - Santa Pola (Alicante)\t\t\t\t\t<\/p>\n\t\t\t\t\n\t\t\t<\/div>\n\t\t\t\n\t\t<\/div>\n\t\t\t\t\t\t<\/div>\n\t\t\t\t<\/div>\n\t\t\t\t<div class=\"elementor-element elementor-element-33e6ac1 elementor-widget elementor-widget-icon-box\" data-id=\"33e6ac1\" data-element_type=\"widget\" data-e-type=\"widget\" data-widget_type=\"icon-box.default\">\n\t\t\t\t<div class=\"elementor-widget-container\">\n\t\t\t\t\t\t\t<div class=\"elementor-icon-box-wrapper\">\n\n\t\t\t\n\t\t\t\t\t\t<div class=\"elementor-icon-box-content\">\n\n\t\t\t\t\t\t\t\t\t<h5 class=\"elementor-icon-box-title\">\n\t\t\t\t\t\t<a href=\"mailto:info@gaviotas72.com\" >\n\t\t\t\t\t\t\tEmail\t\t\t\t\t\t<\/a>\n\t\t\t\t\t<\/h5>\n\t\t\t\t\n\t\t\t\t\t\t\t\t\t<p class=\"elementor-icon-box-description\">\n\t\t\t\t\t\tinfo@gaviotas72.com\t\t\t\t\t<\/p>\n\t\t\t\t\n\t\t\t<\/div>\n\t\t\t\n\t\t<\/div>\n\t\t\t\t\t\t<\/div>\n\t\t\t\t<\/div>\n\t\t\t\t<div class=\"elementor-element elementor-element-ae9e05d elementor-widget elementor-widget-icon-box\" data-id=\"ae9e05d\" data-element_type=\"widget\" data-e-type=\"widget\" data-widget_type=\"icon-box.default\">\n\t\t\t\t<div class=\"elementor-widget-container\">\n\t\t\t\t\t\t\t<div class=\"elementor-icon-box-wrapper\">\n\n\t\t\t\n\t\t\t\t\t\t<div class=\"elementor-icon-box-content\">\n\n\t\t\t\t\t\t\t\t\t<h5 class=\"elementor-icon-box-title\">\n\t\t\t\t\t\t<a href=\"tel:+34622555140\" >\n\t\t\t\t\t\t\tLl\u00e1manos\t\t\t\t\t\t<\/a>\n\t\t\t\t\t<\/h5>\n\t\t\t\t\n\t\t\t\t\t\t\t\t\t<p class=\"elementor-icon-box-description\">\n\t\t\t\t\t\t+34 622 555 140\t\t\t\t\t<\/p>\n\t\t\t\t\n\t\t\t<\/div>\n\t\t\t\n\t\t<\/div>\n\t\t\t\t\t\t<\/div>\n\t\t\t\t<\/div>\n\t\t\t\t<div class=\"elementor-element elementor-element-d82cf08 elementor-widget elementor-widget-heading\" data-id=\"d82cf08\" data-element_type=\"widget\" data-e-type=\"widget\" data-widget_type=\"heading.default\">\n\t\t\t\t<div class=\"elementor-widget-container\">\n\t\t\t\t\t<h5 class=\"elementor-heading-title elementor-size-default\">Follow Us<\/h5>\t\t\t\t<\/div>\n\t\t\t\t<\/div>\n\t\t\t\t<div class=\"elementor-element elementor-element-2907d36 elementor-shape-circle e-grid-align-left e-grid-align-mobile-left elementor-grid-mobile-3 elementor-grid-0 elementor-widget elementor-widget-social-icons\" data-id=\"2907d36\" data-element_type=\"widget\" data-e-type=\"widget\" data-widget_type=\"social-icons.default\">\n\t\t\t\t<div class=\"elementor-widget-container\">\n\t\t\t\t\t\t\t<div class=\"elementor-social-icons-wrapper elementor-grid\" role=\"list\">\n\t\t\t\t\t\t\t<span class=\"elementor-grid-item\" role=\"listitem\">\n\t\t\t\t\t<a class=\"elementor-icon elementor-social-icon elementor-social-icon-instagram elementor-repeater-item-0ec3dce\" href=\"https:\/\/www.instagram.com\/gaviotas72\/\">\n\t\t\t\t\t\t<span class=\"elementor-screen-only\">Instagram<\/span>\n\t\t\t\t\t\t<i aria-hidden=\"true\" class=\"fab fa-instagram\"><\/i>\t\t\t\t\t<\/a>\n\t\t\t\t<\/span>\n\t\t\t\t\t\t\t<span class=\"elementor-grid-item\" role=\"listitem\">\n\t\t\t\t\t<a class=\"elementor-icon elementor-social-icon elementor-social-icon-facebook-f elementor-repeater-item-57fe014\" href=\"https:\/\/www.facebook.com\/Gaviotas72-101136809237514\">\n\t\t\t\t\t\t<span class=\"elementor-screen-only\">Facebook-f<\/span>\n\t\t\t\t\t\t<i aria-hidden=\"true\" class=\"fab fa-facebook-f\"><\/i>\t\t\t\t\t<\/a>\n\t\t\t\t<\/span>\n\t\t\t\t\t\t\t<span class=\"elementor-grid-item\" role=\"listitem\">\n\t\t\t\t\t<a class=\"elementor-icon elementor-social-icon elementor-social-icon-google elementor-repeater-item-5e4a996\" href=\"https:\/\/g.page\/r\/Cf5nm3wYRxSwEAg\/review\">\n\t\t\t\t\t\t<span class=\"elementor-screen-only\">Google<\/span>\n\t\t\t\t\t\t<i aria-hidden=\"true\" class=\"fab fa-google\"><\/i>\t\t\t\t\t<\/a>\n\t\t\t\t<\/span>\n\t\t\t\t\t<\/div>\n\t\t\t\t\t\t<\/div>\n\t\t\t\t<\/div>\n\t\t\t\t<div class=\"elementor-element elementor-element-35e8be52 elementor-widget elementor-widget-image\" data-id=\"35e8be52\" data-element_type=\"widget\" data-e-type=\"widget\" data-widget_type=\"image.default\">\n\t\t\t\t<div class=\"elementor-widget-container\">\n\t\t\t\t\t\t\t\t\t\t\t\t\t\t\t<img fetchpriority=\"high\" decoding=\"async\" width=\"300\" height=\"300\" src=\"https:\/\/www.gaviotas72.com\/wp-content\/uploads\/2022\/05\/Logotipo-Restaurante-Crema-2-300x300.png\" class=\"attachment-medium size-medium wp-image-646\" alt=\"Logotipo gaviotas 72\" srcset=\"https:\/\/www.gaviotas72.com\/wp-content\/uploads\/2022\/05\/Logotipo-Restaurante-Crema-2-300x300.png 300w, https:\/\/www.gaviotas72.com\/wp-content\/uploads\/2022\/05\/Logotipo-Restaurante-Crema-2-1024x1024.png 1024w, https:\/\/www.gaviotas72.com\/wp-content\/uploads\/2022\/05\/Logotipo-Restaurante-Crema-2-150x150.png 150w, https:\/\/www.gaviotas72.com\/wp-content\/uploads\/2022\/05\/Logotipo-Restaurante-Crema-2-768x768.png 768w, https:\/\/www.gaviotas72.com\/wp-content\/uploads\/2022\/05\/elementor\/thumbs\/Logotipo-Restaurante-Crema-2-pplkbybrxdbj6x28jqy09vmuxiedhdasiii4zhxj5w.png 250w, https:\/\/www.gaviotas72.com\/wp-content\/uploads\/2022\/05\/Logotipo-Restaurante-Crema-2.png 1500w\" sizes=\"(max-width: 300px) 100vw, 300px\" \/>\t\t\t\t\t\t\t\t\t\t\t\t\t\t\t<\/div>\n\t\t\t\t<\/div>\n\t\t\t\t\t<\/div>\n\t\t<\/div>\n\t\t\t\t\t<\/div>\n\t\t<\/section>\n\t\t\t\t<\/div>","protected":false},"excerpt":{"rendered":"<p>CONTACTO \u00bfD\u00d3NDE ESTAMOS? \u00bfEN QU\u00c9 TE PODEMOS AYUDAR? Direcci\u00f3n Calle Burgos, 4 03130 &#8211; Santa Pola (Alicante) Email info@gaviotas72.com Ll\u00e1manos +34 622 555 140 Follow Us Instagram Facebook-f Google<\/p>","protected":false},"author":1,"featured_media":0,"parent":0,"menu_order":0,"comment_status":"closed","ping_status":"closed","template":"elementor_theme","meta":{"site-sidebar-layout":"no-sidebar","site-content-layout":"page-builder","ast-site-content-layout":"default","site-content-style":"default","site-sidebar-style":"default","ast-global-header-display":"","ast-banner-title-visibility":"","ast-main-header-display":"","ast-hfb-above-header-display":"","ast-hfb-below-header-display":"","ast-hfb-mobile-header-display":"","site-post-title":"disabled","ast-breadcrumbs-content":"","ast-featured-img":"disabled","footer-sml-layout":"","ast-disable-related-posts":"","theme-transparent-header-meta":"enabled","adv-header-id-meta":"","stick-header-meta":"","header-above-stick-meta":"","header-main-stick-meta":"","header-below-stick-meta":"","astra-migrate-meta-layouts":"default","ast-page-background-enabled":"default","ast-page-background-meta":{"desktop":{"background-color":"","background-image":"","background-repeat":"repeat","background-position":"center center","background-size":"auto","background-attachment":"scroll","background-type":"","background-media":"","overlay-type":"","overlay-color":"","overlay-opacity":"","overlay-gradient":""},"tablet":{"background-color":"","background-image":"","background-repeat":"repeat","background-position":"center center","background-size":"auto","background-attachment":"scroll","background-type":"","background-media":"","overlay-type":"","overlay-color":"","overlay-opacity":"","overlay-gradient":""},"mobile":{"background-color":"","background-image":"","background-repeat":"repeat","background-position":"center center","background-size":"auto","background-attachment":"scroll","background-type":"","background-media":"","overlay-type":"","overlay-color":"","overlay-opacity":"","overlay-gradient":""}},"ast-content-background-meta":{"desktop":{"background-color":"var(--ast-global-color-5)","background-image":"","background-repeat":"repeat","background-position":"center center","background-size":"auto","background-attachment":"scroll","background-type":"","background-media":"","overlay-type":"","overlay-color":"","overlay-opacity":"","overlay-gradient":""},"tablet":{"background-color":"var(--ast-global-color-5)","background-image":"","background-repeat":"repeat","background-position":"center center","background-size":"auto","background-attachment":"scroll","background-type":"","background-media":"","overlay-type":"","overlay-color":"","overlay-opacity":"","overlay-gradient":""},"mobile":{"background-color":"var(--ast-global-color-5)","background-image":"","background-repeat":"repeat","background-position":"center center","background-size":"auto","background-attachment":"scroll","background-type":"","background-media":"","overlay-type":"","overlay-color":"","overlay-opacity":"","overlay-gradient":""}},"_joinchat":[],"footnotes":""},"class_list":["post-8","page","type-page","status-publish","hentry"],"yoast_head":"<!-- This site is optimized with the Yoast SEO Premium plugin v18.6 (Yoast SEO v27.2) - https:\/\/yoast.com\/product\/yoast-seo-premium-wordpress\/ -->\n<title>Contacto - Apartamento airbnb Santa Pola<\/title>\n<meta name=\"robots\" content=\"index, follow, max-snippet:-1, max-image-preview:large, max-video-preview:-1\" \/>\n<link rel=\"canonical\" href=\"https:\/\/www.gaviotas72.com\/en\/contacto\/\" \/>\n<meta property=\"og:locale\" content=\"en_GB\" \/>\n<meta property=\"og:type\" content=\"article\" \/>\n<meta property=\"og:title\" content=\"Contacto\" \/>\n<meta property=\"og:description\" content=\"CONTACTO \u00bfD\u00d3NDE ESTAMOS? \u00bfEN QU\u00c9 TE PODEMOS AYUDAR? Direcci\u00f3n Calle Burgos, 4 03130 &#8211; Santa Pola (Alicante) Email info@gaviotas72.com Ll\u00e1manos +34 622 555 140 Follow Us Instagram Facebook-f Google\" \/>\n<meta property=\"og:url\" content=\"https:\/\/www.gaviotas72.com\/en\/contacto\/\" \/>\n<meta property=\"og:site_name\" content=\"Apartamento airbnb Santa Pola\" \/>\n<meta property=\"article:publisher\" content=\"https:\/\/www.facebook.com\/Gaviotas72-101136809237514\" \/>\n<meta property=\"article:modified_time\" content=\"2022-06-11T16:33:09+00:00\" \/>\n<meta property=\"og:image\" content=\"https:\/\/www.gaviotas72.com\/wp-content\/uploads\/2022\/05\/Logotipo-Restaurante-Crema-2-300x300.png\" \/>\n<meta name=\"twitter:card\" content=\"summary_large_image\" \/>\n<meta name=\"twitter:label1\" content=\"Estimated reading time\" \/>\n\t<meta name=\"twitter:data1\" content=\"1 minute\" \/>\n<script type=\"application\/ld+json\" class=\"yoast-schema-graph\">{\"@context\":\"https:\/\/schema.org\",\"@graph\":[{\"@type\":\"WebPage\",\"@id\":\"https:\/\/www.gaviotas72.com\/contacto\/\",\"url\":\"https:\/\/www.gaviotas72.com\/contacto\/\",\"name\":\"Contacto - Apartamento airbnb Santa Pola\",\"isPartOf\":{\"@id\":\"https:\/\/www.gaviotas72.com\/#website\"},\"primaryImageOfPage\":{\"@id\":\"https:\/\/www.gaviotas72.com\/contacto\/#primaryimage\"},\"image\":{\"@id\":\"https:\/\/www.gaviotas72.com\/contacto\/#primaryimage\"},\"thumbnailUrl\":\"https:\/\/www.gaviotas72.com\/wp-content\/uploads\/2022\/05\/Logotipo-Restaurante-Crema-2-300x300.png\",\"datePublished\":\"2018-11-27T07:17:56+00:00\",\"dateModified\":\"2022-06-11T16:33:09+00:00\",\"breadcrumb\":{\"@id\":\"https:\/\/www.gaviotas72.com\/contacto\/#breadcrumb\"},\"inLanguage\":\"en-GB\",\"potentialAction\":[{\"@type\":\"ReadAction\",\"target\":[\"https:\/\/www.gaviotas72.com\/contacto\/\"]}]},{\"@type\":\"ImageObject\",\"inLanguage\":\"en-GB\",\"@id\":\"https:\/\/www.gaviotas72.com\/contacto\/#primaryimage\",\"url\":\"https:\/\/www.gaviotas72.com\/wp-content\/uploads\/2022\/05\/Logotipo-Restaurante-Crema-2-300x300.png\",\"contentUrl\":\"https:\/\/www.gaviotas72.com\/wp-content\/uploads\/2022\/05\/Logotipo-Restaurante-Crema-2-300x300.png\"},{\"@type\":\"BreadcrumbList\",\"@id\":\"https:\/\/www.gaviotas72.com\/contacto\/#breadcrumb\",\"itemListElement\":[{\"@type\":\"ListItem\",\"position\":1,\"name\":\"Home\",\"item\":\"https:\/\/www.gaviotas72.com\/\"},{\"@type\":\"ListItem\",\"position\":2,\"name\":\"Contacto\"}]},{\"@type\":\"WebSite\",\"@id\":\"https:\/\/www.gaviotas72.com\/#website\",\"url\":\"https:\/\/www.gaviotas72.com\/\",\"name\":\"Apartamento airbnb Santa Pola\",\"description\":\"Alquilar apartamento Santa Pola (Alicante)\",\"publisher\":{\"@id\":\"https:\/\/www.gaviotas72.com\/#organization\"},\"potentialAction\":[{\"@type\":\"SearchAction\",\"target\":{\"@type\":\"EntryPoint\",\"urlTemplate\":\"https:\/\/www.gaviotas72.com\/?s={search_term_string}\"},\"query-input\":{\"@type\":\"PropertyValueSpecification\",\"valueRequired\":true,\"valueName\":\"search_term_string\"}}],\"inLanguage\":\"en-GB\"},{\"@type\":\"Organization\",\"@id\":\"https:\/\/www.gaviotas72.com\/#organization\",\"name\":\"Apartamento airbnb Santa Pola - GAVIOTAS 72\",\"url\":\"https:\/\/www.gaviotas72.com\/\",\"logo\":{\"@type\":\"ImageObject\",\"inLanguage\":\"en-GB\",\"@id\":\"https:\/\/www.gaviotas72.com\/#\/schema\/logo\/image\/\",\"url\":\"https:\/\/www.gaviotas72.com\/wp-content\/uploads\/2022\/05\/Logotipo-Restaurante-Crema-2.png\",\"contentUrl\":\"https:\/\/www.gaviotas72.com\/wp-content\/uploads\/2022\/05\/Logotipo-Restaurante-Crema-2.png\",\"width\":1500,\"height\":1500,\"caption\":\"Apartamento airbnb Santa Pola - GAVIOTAS 72\"},\"image\":{\"@id\":\"https:\/\/www.gaviotas72.com\/#\/schema\/logo\/image\/\"},\"sameAs\":[\"https:\/\/www.facebook.com\/Gaviotas72-101136809237514\",\"https:\/\/www.instagram.com\/gaviotas72\/\"]}]}<\/script>\n<!-- \/ Yoast SEO Premium plugin. -->","yoast_head_json":{"title":"Contacto - Apartamento airbnb Santa Pola","robots":{"index":"index","follow":"follow","max-snippet":"max-snippet:-1","max-image-preview":"max-image-preview:large","max-video-preview":"max-video-preview:-1"},"canonical":"https:\/\/www.gaviotas72.com\/en\/contacto\/","og_locale":"en_GB","og_type":"article","og_title":"Contacto","og_description":"CONTACTO \u00bfD\u00d3NDE ESTAMOS? \u00bfEN QU\u00c9 TE PODEMOS AYUDAR? Direcci\u00f3n Calle Burgos, 4 03130 &#8211; Santa Pola (Alicante) Email info@gaviotas72.com Ll\u00e1manos +34 622 555 140 Follow Us Instagram Facebook-f Google","og_url":"https:\/\/www.gaviotas72.com\/en\/contacto\/","og_site_name":"Apartamento airbnb Santa Pola","article_publisher":"https:\/\/www.facebook.com\/Gaviotas72-101136809237514","article_modified_time":"2022-06-11T16:33:09+00:00","og_image":[{"url":"https:\/\/www.gaviotas72.com\/wp-content\/uploads\/2022\/05\/Logotipo-Restaurante-Crema-2-300x300.png","type":"","width":"","height":""}],"twitter_card":"summary_large_image","twitter_misc":{"Estimated reading time":"1 minute"},"schema":{"@context":"https:\/\/schema.org","@graph":[{"@type":"WebPage","@id":"https:\/\/www.gaviotas72.com\/contacto\/","url":"https:\/\/www.gaviotas72.com\/contacto\/","name":"Contacto - Apartamento airbnb Santa Pola","isPartOf":{"@id":"https:\/\/www.gaviotas72.com\/#website"},"primaryImageOfPage":{"@id":"https:\/\/www.gaviotas72.com\/contacto\/#primaryimage"},"image":{"@id":"https:\/\/www.gaviotas72.com\/contacto\/#primaryimage"},"thumbnailUrl":"https:\/\/www.gaviotas72.com\/wp-content\/uploads\/2022\/05\/Logotipo-Restaurante-Crema-2-300x300.png","datePublished":"2018-11-27T07:17:56+00:00","dateModified":"2022-06-11T16:33:09+00:00","breadcrumb":{"@id":"https:\/\/www.gaviotas72.com\/contacto\/#breadcrumb"},"inLanguage":"en-GB","potentialAction":[{"@type":"ReadAction","target":["https:\/\/www.gaviotas72.com\/contacto\/"]}]},{"@type":"ImageObject","inLanguage":"en-GB","@id":"https:\/\/www.gaviotas72.com\/contacto\/#primaryimage","url":"https:\/\/www.gaviotas72.com\/wp-content\/uploads\/2022\/05\/Logotipo-Restaurante-Crema-2-300x300.png","contentUrl":"https:\/\/www.gaviotas72.com\/wp-content\/uploads\/2022\/05\/Logotipo-Restaurante-Crema-2-300x300.png"},{"@type":"BreadcrumbList","@id":"https:\/\/www.gaviotas72.com\/contacto\/#breadcrumb","itemListElement":[{"@type":"ListItem","position":1,"name":"Home","item":"https:\/\/www.gaviotas72.com\/"},{"@type":"ListItem","position":2,"name":"Contacto"}]},{"@type":"WebSite","@id":"https:\/\/www.gaviotas72.com\/#website","url":"https:\/\/www.gaviotas72.com\/","name":"Apartamento airbnb Santa Pola","description":"Alquilar apartamento Santa Pola (Alicante)","publisher":{"@id":"https:\/\/www.gaviotas72.com\/#organization"},"potentialAction":[{"@type":"SearchAction","target":{"@type":"EntryPoint","urlTemplate":"https:\/\/www.gaviotas72.com\/?s={search_term_string}"},"query-input":{"@type":"PropertyValueSpecification","valueRequired":true,"valueName":"search_term_string"}}],"inLanguage":"en-GB"},{"@type":"Organization","@id":"https:\/\/www.gaviotas72.com\/#organization","name":"Apartamento airbnb Santa Pola - GAVIOTAS 72","url":"https:\/\/www.gaviotas72.com\/","logo":{"@type":"ImageObject","inLanguage":"en-GB","@id":"https:\/\/www.gaviotas72.com\/#\/schema\/logo\/image\/","url":"https:\/\/www.gaviotas72.com\/wp-content\/uploads\/2022\/05\/Logotipo-Restaurante-Crema-2.png","contentUrl":"https:\/\/www.gaviotas72.com\/wp-content\/uploads\/2022\/05\/Logotipo-Restaurante-Crema-2.png","width":1500,"height":1500,"caption":"Apartamento airbnb Santa Pola - GAVIOTAS 72"},"image":{"@id":"https:\/\/www.gaviotas72.com\/#\/schema\/logo\/image\/"},"sameAs":["https:\/\/www.facebook.com\/Gaviotas72-101136809237514","https:\/\/www.instagram.com\/gaviotas72\/"]}]}},"_links":{"self":[{"href":"https:\/\/www.gaviotas72.com\/en\/wp-json\/wp\/v2\/pages\/8","targetHints":{"allow":["GET"]}}],"collection":[{"href":"https:\/\/www.gaviotas72.com\/en\/wp-json\/wp\/v2\/pages"}],"about":[{"href":"https:\/\/www.gaviotas72.com\/en\/wp-json\/wp\/v2\/types\/page"}],"author":[{"embeddable":true,"href":"https:\/\/www.gaviotas72.com\/en\/wp-json\/wp\/v2\/users\/1"}],"replies":[{"embeddable":true,"href":"https:\/\/www.gaviotas72.com\/en\/wp-json\/wp\/v2\/comments?post=8"}],"version-history":[{"count":24,"href":"https:\/\/www.gaviotas72.com\/en\/wp-json\/wp\/v2\/pages\/8\/revisions"}],"predecessor-version":[{"id":944,"href":"https:\/\/www.gaviotas72.com\/en\/wp-json\/wp\/v2\/pages\/8\/revisions\/944"}],"wp:attachment":[{"href":"https:\/\/www.gaviotas72.com\/en\/wp-json\/wp\/v2\/media?parent=8"}],"curies":[{"name":"wp","href":"https:\/\/api.w.org\/{rel}","templated":true}]}}